{"id":25392,"date":"2021-05-04T08:48:25","date_gmt":"2021-05-04T08:48:25","guid":{"rendered":"https:\/\/www.portosanto-realestate.com\/how-to-get-to-porto-santo\/"},"modified":"2023-05-05T06:44:07","modified_gmt":"2023-05-05T06:44:07","slug":"comment-se-rendre-a-porto-santo","status":"publish","type":"page","link":"https:\/\/www.portosanto-realestate.com\/fr\/comment-se-rendre-a-porto-santo\/","title":{"rendered":"COMMENT SE RENDRE \u00c0 L&#8217;\u00ceLE DE PORTO SANTO"},"content":{"rendered":"\t\t<div data-elementor-type=\"wp-page\" data-elementor-id=\"25392\" class=\"elementor elementor-25392 elementor-17415\">\n\t\t\t\t\t\t<div class=\"elementor-inner\">\n\t\t\t\t<div class=\"elementor-section-wrap\">\n\t\t\t\t\t\t\t\t\t<section class=\"elementor-section elementor-top-section elementor-element elementor-element-209c378 elementor-section-stretched alter_bg elementor-section-boxed elementor-section-height-default elementor-section-height-default sc_fly_static\" data-id=\"209c378\" data-element_type=\"section\" data-settings=\"{&quot;stretch_section&quot;:&quot;section-stretched&quot;,&quot;background_background&quot;:&quot;classic&quot;}\">\n\t\t\t\t\t\t<div class=\"elementor-container elementor-column-gap-extended\">\n\t\t\t\t\t\t\t<div class=\"elementor-row\">\n\t\t\t\t\t<div class=\"elementor-column elementor-col-100 elementor-top-column elementor-element elementor-element-c3105dc sc_inner_width_none sc_content_align_inherit sc_layouts_column_icons_position_left sc_fly_static\" data-id=\"c3105dc\" data-element_type=\"column\">\n\t\t\t<div class=\"elementor-column-wrap elementor-element-populated\">\n\t\t\t\t\t\t\t<div class=\"elementor-widget-wrap\">\n\t\t\t\t\t\t<div class=\"elementor-element elementor-element-4c65c2d sc_height_huge sc_fly_static elementor-widget elementor-widget-spacer\" data-id=\"4c65c2d\" data-element_type=\"widget\" data-widget_type=\"spacer.default\">\n\t\t\t\t<div class=\"elementor-widget-container\">\n\t\t\t\t\t<div class=\"elementor-spacer\">\n\t\t\t<div class=\"elementor-spacer-inner\"><\/div>\n\t\t<\/div>\n\t\t\t\t<\/div>\n\t\t\t\t<\/div>\n\t\t\t\t<section class=\"elementor-section elementor-inner-section elementor-element elementor-element-5bb9cad elementor-section-boxed elementor-section-height-default elementor-section-height-default sc_fly_static\" data-id=\"5bb9cad\" data-element_type=\"section\">\n\t\t\t\t\t\t<div class=\"elementor-container elementor-column-gap-extended\">\n\t\t\t\t\t\t\t<div class=\"elementor-row\">\n\t\t\t\t\t<div class=\"elementor-column elementor-col-100 elementor-inner-column elementor-element elementor-element-4ec7a96 sc_inner_width_none sc_content_align_inherit sc_layouts_column_icons_position_left sc_fly_static\" data-id=\"4ec7a96\" data-element_type=\"column\">\n\t\t\t<div class=\"elementor-column-wrap elementor-element-populated\">\n\t\t\t\t\t\t\t<div class=\"elementor-widget-wrap\">\n\t\t\t\t\t\t<div class=\"elementor-element elementor-element-7d63a56 sc_fly_static elementor-widget elementor-widget-text-editor\" data-id=\"7d63a56\" data-element_type=\"widget\" data-widget_type=\"text-editor.default\">\n\t\t\t\t<div class=\"elementor-widget-container\">\n\t\t\t\t\t\t\t\t<div class=\"elementor-text-editor elementor-clearfix\">\n\t\t\t\t<p>Il est relativement facile de se rendre \u00e0 Porto Santo, car plusieurs moyens de transport sont \u00e0 la disposition des visiteurs. Le moyen le plus rapide et le plus pratique de se rendre sur l&#8217;\u00eele est l&#8217;avion. Plusieurs compagnies a\u00e9riennes, dont TAP Air Portugal et Binter Canarias, proposent des vols r\u00e9guliers entre l&#8217;a\u00e9roport international Cristiano Ronaldo de Mad\u00e8re et l&#8217;a\u00e9roport de Porto Santo. Le vol ne dure que 15 minutes et lesvisiteurs peuvent profiter d&#8217;une vue imprenable sur Mad\u00e8re et Porto Santo.<\/p><p>Pour ceux qui pr\u00e9f\u00e8rent voyager par la mer, un service de ferry est \u00e9galement disponible depuis la capitale de Mad\u00e8re, Funchal. Le service de ferry fonctionne plusieurs fois par semaine et le voyage dure environ deux heures et demie. Pendant le voyage, les visiteurs peuvent profiter de l&#8217;air frais de la mer et admirer la vue magnifique sur l&#8217;oc\u00e9an Atlantique et les \u00eeles environnantes.<\/p><p>Une fois arriv\u00e9s \u00e0 Porto Santo, les visiteurs peuvent explorer l&#8217;\u00eele \u00e0 pied, \u00e0 v\u00e9lo ou en voiture. Plusieurs soci\u00e9t\u00e9s de location de voitures sont pr\u00e9sentes sur l&#8217;\u00eele, et des v\u00e9los peuvent \u00eatre lou\u00e9s dans divers magasins de location \u00e0 Vila Baleira. Les visiteurs peuvent \u00e9galement profiter du service de bus local de l&#8217;\u00eele ou louer un taxi pour se d\u00e9placer.<\/p><p>Pour ceux qui pr\u00e9f\u00e8rent une exp\u00e9rience plus luxueuse, des yachts priv\u00e9s sont \u00e9galement disponibles, permettant aux visiteurs de naviguer autour de l&#8217;\u00eele et d&#8217;explorer ses criques cach\u00e9es et ses plages isol\u00e9es. Gr\u00e2ce aux nombreux moyens de transport disponibles, il est facile de se rendre \u00e0 Porto Santo et de s&#8217;y d\u00e9placer sans stress.<\/p><p>Lorsque vous planifiez un voyage \u00e0 Porto Santo, il est essentiel de v\u00e9rifier les horaires de transport et de r\u00e9server \u00e0 l&#8217;avance, en particulier pendant la haute saison.\u00a0<\/p><p>Dans l&#8217;ensemble, se rendre \u00e0 Porto Santo est un jeu d&#8217;enfant, avec une gamme d&#8217;options de transport disponibles pour tous les budgets et toutes les pr\u00e9f\u00e9rences. Que vous choisissiez l&#8217;avion, le ferry ou un yacht priv\u00e9 pour faire le tour de l&#8217;\u00eele, vous \u00eates s\u00fbr de passer un voyage et un s\u00e9jour inoubliables sur cette magnifique \u00eele paradisiaque.<\/p>\t\t\t\t\t<\/div>\n\t\t\t\t\t\t<\/div>\n\t\t\t\t<\/div>\n\t\t\t\t<div class=\"elementor-element elementor-element-1aaa181 sc_height_large sc_fly_static elementor-widget elementor-widget-spacer\" data-id=\"1aaa181\" data-element_type=\"widget\" data-widget_type=\"spacer.default\">\n\t\t\t\t<div class=\"elementor-widget-container\">\n\t\t\t\t\t<div class=\"elementor-spacer\">\n\t\t\t<div class=\"elementor-spacer-inner\"><\/div>\n\t\t<\/div>\n\t\t\t\t<\/div>\n\t\t\t\t<\/div>\n\t\t\t\t\t\t<\/div>\n\t\t\t\t\t<\/div>\n\t\t<\/div>\n\t\t\t\t\t\t\t\t<\/div>\n\t\t\t\t\t<\/div>\n\t\t<\/section>\n\t\t\t\t\t\t<\/div>\n\t\t\t\t\t<\/div>\n\t\t<\/div>\n\t\t\t\t\t\t\t\t<\/div>\n\t\t\t\t\t<\/div>\n\t\t<\/section>\n\t\t\t\t<section class=\"elementor-section elementor-top-section elementor-element elementor-element-a9073c7 elementor-section-boxed elementor-section-height-default elementor-section-height-default sc_fly_static\" data-id=\"a9073c7\" data-element_type=\"section\">\n\t\t\t\t\t\t<div class=\"elementor-container elementor-column-gap-extended\">\n\t\t\t\t\t\t\t<div class=\"elementor-row\">\n\t\t\t\t\t<div class=\"elementor-column elementor-col-100 elementor-top-column elementor-element elementor-element-f399210 sc_inner_width_none sc_content_align_inherit sc_layouts_column_icons_position_left sc_fly_static\" data-id=\"f399210\" data-element_type=\"column\">\n\t\t\t<div class=\"elementor-column-wrap elementor-element-populated\">\n\t\t\t\t\t\t\t<div class=\"elementor-widget-wrap\">\n\t\t\t\t\t\t<div class=\"elementor-element elementor-element-4a561dc sc_fly_static elementor-widget elementor-widget-spacer\" data-id=\"4a561dc\" data-element_type=\"widget\" data-widget_type=\"spacer.default\">\n\t\t\t\t<div class=\"elementor-widget-container\">\n\t\t\t\t\t<div class=\"elementor-spacer\">\n\t\t\t<div class=\"elementor-spacer-inner\"><\/div>\n\t\t<\/div>\n\t\t\t\t<\/div>\n\t\t\t\t<\/div>\n\t\t\t\t\t\t<\/div>\n\t\t\t\t\t<\/div>\n\t\t<\/div>\n\t\t\t\t\t\t\t\t<\/div>\n\t\t\t\t\t<\/div>\n\t\t<\/section>\n\t\t\t\t<section class=\"elementor-section elementor-top-section elementor-element elementor-element-5432a47 elementor-section-boxed elementor-section-height-default elementor-section-height-default sc_fly_static\" data-id=\"5432a47\" data-element_type=\"section\">\n\t\t\t\t\t\t<div class=\"elementor-container elementor-column-gap-extended\">\n\t\t\t\t\t\t\t<div class=\"elementor-row\">\n\t\t\t\t\t<div class=\"elementor-column elementor-col-50 elementor-top-column elementor-element elementor-element-ecac35d sc_inner_width_none sc_content_align_inherit sc_layouts_column_icons_position_left sc_fly_static\" data-id=\"ecac35d\" data-element_type=\"column\">\n\t\t\t<div class=\"elementor-column-wrap elementor-element-populated\">\n\t\t\t\t\t\t\t<div class=\"elementor-widget-wrap\">\n\t\t\t\t\t\t<div class=\"elementor-element elementor-element-a37f51f sc_fly_static elementor-widget elementor-widget-image\" data-id=\"a37f51f\" data-element_type=\"widget\" data-widget_type=\"image.default\">\n\t\t\t\t<div class=\"elementor-widget-container\">\n\t\t\t\t\t\t\t\t<div class=\"elementor-image\">\n\t\t\t\t\t\t\t\t\t<figure class=\"wp-caption\">\n\t\t\t\t\t\t\t\t\t\t<img decoding=\"async\" loading=\"lazy\" width=\"850\" height=\"450\" src=\"https:\/\/www.portosanto-realestate.com\/wp-content\/uploads\/2023\/05\/lobo-marinho-porto-santo-850x450.jpg\" class=\"attachment-windsor-thumb-big size-windsor-thumb-big wp-image-25852\" alt=\"lobo-marinho-porto-santo\" \/>\t\t\t\t\t\t\t\t\t\t\t<figcaption class=\"widget-image-caption wp-caption-text\">PAR LA MER | Ferry - Lobo Marinho<\/figcaption>\n\t\t\t\t\t\t\t\t\t\t<\/figure>\n\t\t\t\t\t\t\t\t<\/div>\n\t\t\t\t\t\t<\/div>\n\t\t\t\t<\/div>\n\t\t\t\t\t\t<\/div>\n\t\t\t\t\t<\/div>\n\t\t<\/div>\n\t\t\t\t<div class=\"elementor-column elementor-col-50 elementor-top-column elementor-element elementor-element-487e638 sc_inner_width_none sc_content_align_inherit sc_layouts_column_icons_position_left sc_fly_static\" data-id=\"487e638\" data-element_type=\"column\">\n\t\t\t<div class=\"elementor-column-wrap elementor-element-populated\">\n\t\t\t\t\t\t\t<div class=\"elementor-widget-wrap\">\n\t\t\t\t\t\t<div class=\"elementor-element elementor-element-3b47dfe sc_fly_static elementor-widget elementor-widget-image\" data-id=\"3b47dfe\" data-element_type=\"widget\" data-widget_type=\"image.default\">\n\t\t\t\t<div class=\"elementor-widget-container\">\n\t\t\t\t\t\t\t\t<div class=\"elementor-image\">\n\t\t\t\t\t\t\t\t\t<figure class=\"wp-caption\">\n\t\t\t\t\t\t\t\t\t\t<img decoding=\"async\" loading=\"lazy\" width=\"850\" height=\"450\" src=\"https:\/\/www.portosanto-realestate.com\/wp-content\/uploads\/2023\/05\/Foto-aeroporto-portosanto-850x450.jpg\" class=\"attachment-windsor-thumb-big size-windsor-thumb-big wp-image-25855\" alt=\"Foto-aeroporto-portosanto\" \/>\t\t\t\t\t\t\t\t\t\t\t<figcaption class=\"widget-image-caption wp-caption-text\">PAR AVION | Porto Santo - A\u00e9roport<\/figcaption>\n\t\t\t\t\t\t\t\t\t\t<\/figure>\n\t\t\t\t\t\t\t\t<\/div>\n\t\t\t\t\t\t<\/div>\n\t\t\t\t<\/div>\n\t\t\t\t\t\t<\/div>\n\t\t\t\t\t<\/div>\n\t\t<\/div>\n\t\t\t\t\t\t\t\t<\/div>\n\t\t\t\t\t<\/div>\n\t\t<\/section>\n\t\t\t\t\t\t\t\t\t<\/div>\n\t\t\t<\/div>\n\t\t\t\t\t<\/div>\n\t\t","protected":false},"excerpt":{"rendered":"<p>Il est relativement facile de se rendre \u00e0 Porto Santo, car plusieurs moyens de transport sont \u00e0 la disposition des visiteurs. Le moyen le plus rapide et le plus pratique&hellip;<\/p>\n","protected":false},"author":1,"featured_media":0,"parent":0,"menu_order":0,"comment_status":"closed","ping_status":"closed","template":"","meta":{"footnotes":""},"jetpack_sharing_enabled":true,"_links":{"self":[{"href":"https:\/\/www.portosanto-realestate.com\/fr\/wp-json\/wp\/v2\/pages\/25392"}],"collection":[{"href":"https:\/\/www.portosanto-realestate.com\/fr\/wp-json\/wp\/v2\/pages"}],"about":[{"href":"https:\/\/www.portosanto-realestate.com\/fr\/wp-json\/wp\/v2\/types\/page"}],"author":[{"embeddable":true,"href":"https:\/\/www.portosanto-realestate.com\/fr\/wp-json\/wp\/v2\/users\/1"}],"replies":[{"embeddable":true,"href":"https:\/\/www.portosanto-realestate.com\/fr\/wp-json\/wp\/v2\/comments?post=25392"}],"version-history":[{"count":0,"href":"https:\/\/www.portosanto-realestate.com\/fr\/wp-json\/wp\/v2\/pages\/25392\/revisions"}],"wp:attachment":[{"href":"https:\/\/www.portosanto-realestate.com\/fr\/wp-json\/wp\/v2\/media?parent=25392"}],"curies":[{"name":"wp","href":"https:\/\/api.w.org\/{rel}","templated":true}]}}