{"id":25336,"date":"2021-05-04T14:51:03","date_gmt":"2021-05-04T14:51:03","guid":{"rendered":"https:\/\/www.portosanto-realestate.com\/porto-santo-madeira-island\/"},"modified":"2023-05-01T09:38:27","modified_gmt":"2023-05-01T09:38:27","slug":"porto-santo-madeira","status":"publish","type":"page","link":"https:\/\/www.portosanto-realestate.com\/pt-pt\/porto-santo-madeira\/","title":{"rendered":"Localiza\u00e7\u00e3o da Ilha do Porto Santo, Arquip\u00e9lago da Madeira"},"content":{"rendered":"\t\t<div data-elementor-type=\"wp-page\" data-elementor-id=\"25336\" class=\"elementor elementor-25336 elementor-17457\">\n\t\t\t\t\t\t<div class=\"elementor-inner\">\n\t\t\t\t<div class=\"elementor-section-wrap\">\n\t\t\t\t\t\t\t\t\t<section class=\"elementor-section elementor-top-section elementor-element elementor-element-707cdb1 elementor-section-boxed elementor-section-height-default elementor-section-height-default sc_fly_static\" data-id=\"707cdb1\" data-element_type=\"section\">\n\t\t\t\t\t\t<div class=\"elementor-container elementor-column-gap-extended\">\n\t\t\t\t\t\t\t<div class=\"elementor-row\">\n\t\t\t\t\t<div class=\"elementor-column elementor-col-100 elementor-top-column elementor-element elementor-element-95b0b7c sc_inner_width_none sc_content_align_inherit sc_layouts_column_icons_position_left sc_fly_static\" data-id=\"95b0b7c\" data-element_type=\"column\">\n\t\t\t<div class=\"elementor-column-wrap elementor-element-populated\">\n\t\t\t\t\t\t\t<div class=\"elementor-widget-wrap\">\n\t\t\t\t\t\t<div class=\"elementor-element elementor-element-a191699 sc_height_huge sc_fly_static elementor-widget elementor-widget-spacer\" data-id=\"a191699\" data-element_type=\"widget\" data-widget_type=\"spacer.default\">\n\t\t\t\t<div class=\"elementor-widget-container\">\n\t\t\t\t\t<div class=\"elementor-spacer\">\n\t\t\t<div class=\"elementor-spacer-inner\"><\/div>\n\t\t<\/div>\n\t\t\t\t<\/div>\n\t\t\t\t<\/div>\n\t\t\t\t\t\t<\/div>\n\t\t\t\t\t<\/div>\n\t\t<\/div>\n\t\t\t\t\t\t\t\t<\/div>\n\t\t\t\t\t<\/div>\n\t\t<\/section>\n\t\t\t\t<section class=\"elementor-section elementor-top-section elementor-element elementor-element-28c1068 elementor-section-content-middle elementor-section-boxed elementor-section-height-default elementor-section-height-default sc_fly_static\" data-id=\"28c1068\" data-element_type=\"section\" data-settings=\"{&quot;background_background&quot;:&quot;classic&quot;}\">\n\t\t\t\t\t\t<div class=\"elementor-container elementor-column-gap-extended\">\n\t\t\t\t\t\t\t<div class=\"elementor-row\">\n\t\t\t\t\t<div class=\"elementor-column elementor-col-100 elementor-top-column elementor-element elementor-element-612ea165 sc-mobile_inner_width_none sc_inner_width_none sc_content_align_inherit sc_layouts_column_icons_position_left sc_fly_static\" data-id=\"612ea165\" data-element_type=\"column\">\n\t\t\t<div class=\"elementor-column-wrap elementor-element-populated\">\n\t\t\t\t\t\t\t<div class=\"elementor-widget-wrap\">\n\t\t\t\t\t\t<div class=\"elementor-element elementor-element-40f17259 title_style_h1 sc_fly_static elementor-widget elementor-widget-trx_sc_title\" data-id=\"40f17259\" data-element_type=\"widget\" data-widget_type=\"trx_sc_title.default\">\n\t\t\t\t<div class=\"elementor-widget-container\">\n\t\t\t<div\t\tclass=\"sc_title sc_title_default\" ><h2 class=\"sc_item_title sc_title_title sc_item_title_style_default sc_item_title_tag\"\n\t\t\t><span class=\"sc_item_title_text\">Localiza\u00e7\u00e3o <\/span><\/h2><\/div>\t\t<\/div>\n\t\t\t\t<\/div>\n\t\t\t\t<div class=\"elementor-element elementor-element-608cb0a4 sc_fly_static elementor-widget elementor-widget-spacer\" data-id=\"608cb0a4\" data-element_type=\"widget\" data-widget_type=\"spacer.default\">\n\t\t\t\t<div class=\"elementor-widget-container\">\n\t\t\t\t\t<div class=\"elementor-spacer\">\n\t\t\t<div class=\"elementor-spacer-inner\"><\/div>\n\t\t<\/div>\n\t\t\t\t<\/div>\n\t\t\t\t<\/div>\n\t\t\t\t<section class=\"elementor-section elementor-inner-section elementor-element elementor-element-af31f2d elementor-section-boxed elementor-section-height-default elementor-section-height-default sc_fly_static\" data-id=\"af31f2d\" data-element_type=\"section\">\n\t\t\t\t\t\t<div class=\"elementor-container elementor-column-gap-no\">\n\t\t\t\t\t\t\t<div class=\"elementor-row\">\n\t\t\t\t\t<div class=\"elementor-column elementor-col-100 elementor-inner-column elementor-element elementor-element-c595f04 sc_inner_width_none sc_content_align_inherit sc_layouts_column_icons_position_left sc_fly_static\" data-id=\"c595f04\" data-element_type=\"column\">\n\t\t\t<div class=\"elementor-column-wrap elementor-element-populated\">\n\t\t\t\t\t\t\t<div class=\"elementor-widget-wrap\">\n\t\t\t\t\t\t<div class=\"elementor-element elementor-element-15e7d7aa sc_fly_static elementor-widget elementor-widget-text-editor\" data-id=\"15e7d7aa\" data-element_type=\"widget\" data-widget_type=\"text-editor.default\">\n\t\t\t\t<div class=\"elementor-widget-container\">\n\t\t\t\t\t\t\t\t<div class=\"elementor-text-editor elementor-clearfix\">\n\t\t\t\t<p>A Ilha da Madeira e Porto Santo s\u00e3o dois belos destinos localizados no Oceano Atl\u00e2ntico, pertencentes ao arquip\u00e9lago da Madeira, uma regi\u00e3o aut\u00f3noma de Portugal. Estas ilhas s\u00e3o conhecidas pela sua beleza natural deslumbrante, hist\u00f3ria rica e cultura vibrante, tornando-as destinos tur\u00edsticos populares para pessoas de todo o mundo.<\/p><h3>Ilha da Madeira<\/h3><p>A Ilha da Madeira, a maior ilha do arquip\u00e9lago, \u00e9 frequentemente referida como a &#8220;P\u00e9rola do Atl\u00e2ntico&#8221; devido \u00e0 sua beleza natural deslumbrante. A ilha possui uma paisagem diversificada que inclui montanhas imponentes, florestas exuberantes e cascatas de cortar a respira\u00e7\u00e3o. Os visitantes podem explorar as muitas trilhas de caminhadas da ilha, fazer passeios c\u00e9nicos atrav\u00e9s das montanhas, ou simplesmente relaxar numa das belas praias da ilha.<br \/>A Madeira \u00e9 tamb\u00e9m o lar de cidades e vilas encantadoras, como o Funchal, a capital da ilha, que oferece uma deliciosa mistura de arquitetura tradicional, mercados agitados, e um porto pitoresco. Com tanto para ver e fazer, a Ilha da Madeira \u00e9 verdadeiramente um para\u00edso para os amantes da natureza, entusiastas da hist\u00f3ria, e qualquer pessoa que procure uma fuga pac\u00edfica do stress da vida quotidiana.<\/p><h3>Porto Santo<\/h3><div class=\"page\" title=\"Page 3\"><div class=\"layoutArea\"><div class=\"column\"><p>Porto Santo e\u0301 uma ilha mais pequena e mais calma localizada a apenas 40 quilo\u0301metros a nordeste da Ilha da Madeira. Esta ilha idi\u0301lica e\u0301 famosa pelas suas praias imaculadas, que se estendem por mais de nove quilo\u0301metros e sa\u0303o consideradas algumas das melhores da Europa. Com as suas a\u0301guas cristalinas e areia dourada suave, as praias do Porto Santo sa\u0303o perfeitas para banhos de sol, natac\u0327a\u0303o, e uma gama de desportos aqua\u0301ticos como snorkeling, windsurf, e mergulho submarino.<\/p><\/div><\/div><\/div><p><img decoding=\"async\" loading=\"lazy\" class=\"alignright wp-image-22804 size-full\" src=\"https:\/\/www.portosanto-realestate.com\/wp-content\/uploads\/2023\/04\/praia-porto-santo.jpg\" alt=\"porto santo\" width=\"520\" height=\"590\" srcset=\"https:\/\/www.portosanto-realestate.com\/wp-content\/uploads\/2023\/04\/praia-porto-santo.jpg 520w, https:\/\/www.portosanto-realestate.com\/wp-content\/uploads\/2023\/04\/praia-porto-santo-264x300.jpg 264w, https:\/\/www.portosanto-realestate.com\/wp-content\/uploads\/2023\/04\/praia-porto-santo-370x420.jpg 370w, https:\/\/www.portosanto-realestate.com\/wp-content\/uploads\/2023\/04\/praia-porto-santo-410x465.jpg 410w\" sizes=\"(max-width: 600px) 100vw, 520px\" \/><\/p><p>Para al\u00e9m da sua deslumbrante costa, Porto Santo \u00e9 tamb\u00e9m o lar de uma encantadora cidade chamada Vila Baleira. Esta pitoresca cidade oferece uma variedade de restaurantes, caf\u00e9s, lojas, e marcos hist\u00f3ricos. Os visitantes podem passear pelas suas ruas encantadoras, experimentar a cozinha tradicional madeirense, ou explorar a sua fascinante hist\u00f3ria e cultura nos muitos museus e galerias da cidade.<\/p><p><br \/>Apesar da sua pequena dimens\u00e3o, Porto Santo tem muito para oferecer aos visitantes. Desde as suas praias deslumbrantes e \u00e1guas l\u00edmpidas at\u00e9 \u00e0 sua encantadora cidade e hist\u00f3ria fascinante, esta ilha \u00e9 o local perfeito para relaxar, descontrair e desfrutar do melhor da vida na ilha. Quer esteja \u00e0 procura de uma escapadela tranquila ou de umas f\u00e9rias em fam\u00edlia, o Porto Santo certamente deixar\u00e1 uma impress\u00e3o duradoura.<\/p><p><br \/>Se estiver \u00e0 procura de um lugar a que chamar casa no Porto Santo, h\u00e1 um novo e excitante projeto residencial em curso na ilha. Este projeto oferece um total de 39 lotes de terreno que v\u00e3o de 575m2 a 1420m2, todos com vistas para o campo de golfe e para a paisagem sul da Ilha do Porto Santo. Quer esteja \u00e0 procura de uma resid\u00eancia permanente, uma casa de f\u00e9rias, ou uma oportunidade de investimento, este projeto vale definitivamente a pena considerar. Com a sua localiza\u00e7\u00e3o privilegiada nesta bela ilha, poder\u00e1 desfrutar de tudo o que o Porto Santo tem para oferecer, desde as suas praias imaculadas at\u00e9 \u00e0 sua encantadora cidade e ao seu modo de vida descontra\u00eddo.<\/p>\t\t\t\t\t<\/div>\n\t\t\t\t\t\t<\/div>\n\t\t\t\t<\/div>\n\t\t\t\t<div class=\"elementor-element elementor-element-21daa98c sc_fly_static elementor-widget elementor-widget-spacer\" data-id=\"21daa98c\" data-element_type=\"widget\" data-widget_type=\"spacer.default\">\n\t\t\t\t<div class=\"elementor-widget-container\">\n\t\t\t\t\t<div class=\"elementor-spacer\">\n\t\t\t<div class=\"elementor-spacer-inner\"><\/div>\n\t\t<\/div>\n\t\t\t\t<\/div>\n\t\t\t\t<\/div>\n\t\t\t\t<div class=\"elementor-element elementor-element-76dc504 sc_layouts_hide_on_wide sc_layouts_hide_on_desktop sc_layouts_hide_on_notebook sc_layouts_hide_on_tablet sc_fly_static elementor-widget elementor-widget-spacer\" data-id=\"76dc504\" data-element_type=\"widget\" data-widget_type=\"spacer.default\">\n\t\t\t\t<div class=\"elementor-widget-container\">\n\t\t\t\t\t<div class=\"elementor-spacer\">\n\t\t\t<div class=\"elementor-spacer-inner\"><\/div>\n\t\t<\/div>\n\t\t\t\t<\/div>\n\t\t\t\t<\/div>\n\t\t\t\t\t\t<\/div>\n\t\t\t\t\t<\/div>\n\t\t<\/div>\n\t\t\t\t\t\t\t\t<\/div>\n\t\t\t\t\t<\/div>\n\t\t<\/section>\n\t\t\t\t\t\t<\/div>\n\t\t\t\t\t<\/div>\n\t\t<\/div>\n\t\t\t\t\t\t\t\t<\/div>\n\t\t\t\t\t<\/div>\n\t\t<\/section>\n\t\t\t\t<section class=\"elementor-section elementor-top-section elementor-element elementor-element-02a9dbc elementor-section-boxed elementor-section-height-default elementor-section-height-default sc_fly_static\" data-id=\"02a9dbc\" data-element_type=\"section\">\n\t\t\t\t\t\t<div class=\"elementor-container elementor-column-gap-extended\">\n\t\t\t\t\t\t\t<div class=\"elementor-row\">\n\t\t\t\t\t<div class=\"elementor-column elementor-col-100 elementor-top-column elementor-element elementor-element-385d653 sc_inner_width_none sc_content_align_inherit sc_layouts_column_icons_position_left sc_fly_static\" data-id=\"385d653\" data-element_type=\"column\">\n\t\t\t<div class=\"elementor-column-wrap\">\n\t\t\t\t\t\t\t<div class=\"elementor-widget-wrap\">\n\t\t\t\t\t\t\t\t<\/div>\n\t\t\t\t\t<\/div>\n\t\t<\/div>\n\t\t\t\t\t\t\t\t<\/div>\n\t\t\t\t\t<\/div>\n\t\t<\/section>\n\t\t\t\t<section class=\"elementor-section elementor-top-section elementor-element elementor-element-da2ed56 elementor-section-boxed elementor-section-height-default elementor-section-height-default sc_fly_static\" data-id=\"da2ed56\" data-element_type=\"section\">\n\t\t\t\t\t\t<div class=\"elementor-container elementor-column-gap-extended\">\n\t\t\t\t\t\t\t<div class=\"elementor-row\">\n\t\t\t\t\t<div class=\"elementor-column elementor-col-100 elementor-top-column elementor-element elementor-element-e0b5418 sc_inner_width_none sc_content_align_inherit sc_layouts_column_icons_position_left sc_fly_static\" data-id=\"e0b5418\" data-element_type=\"column\">\n\t\t\t<div class=\"elementor-column-wrap elementor-element-populated\">\n\t\t\t\t\t\t\t<div class=\"elementor-widget-wrap\">\n\t\t\t\t\t\t<div class=\"elementor-element elementor-element-587114c sc_height_huge sc_fly_static elementor-widget elementor-widget-spacer\" data-id=\"587114c\" data-element_type=\"widget\" data-widget_type=\"spacer.default\">\n\t\t\t\t<div class=\"elementor-widget-container\">\n\t\t\t\t\t<div class=\"elementor-spacer\">\n\t\t\t<div class=\"elementor-spacer-inner\"><\/div>\n\t\t<\/div>\n\t\t\t\t<\/div>\n\t\t\t\t<\/div>\n\t\t\t\t\t\t<\/div>\n\t\t\t\t\t<\/div>\n\t\t<\/div>\n\t\t\t\t\t\t\t\t<\/div>\n\t\t\t\t\t<\/div>\n\t\t<\/section>\n\t\t\t\t<section class=\"elementor-section elementor-top-section elementor-element elementor-element-1e5d72a elementor-section-stretched elementor-section-boxed elementor-section-height-default elementor-section-height-default sc_fly_static\" data-id=\"1e5d72a\" data-element_type=\"section\" data-settings=\"{&quot;stretch_section&quot;:&quot;section-stretched&quot;,&quot;background_background&quot;:&quot;classic&quot;}\">\n\t\t\t\t\t\t<div class=\"elementor-container elementor-column-gap-extended\">\n\t\t\t\t\t\t\t<div class=\"elementor-row\">\n\t\t\t\t\t<div class=\"elementor-column elementor-col-100 elementor-top-column elementor-element elementor-element-694000f sc_inner_width_none sc_content_align_inherit sc_layouts_column_icons_position_left sc_fly_static\" data-id=\"694000f\" data-element_type=\"column\">\n\t\t\t<div class=\"elementor-column-wrap elementor-element-populated\">\n\t\t\t\t\t\t\t<div class=\"elementor-widget-wrap\">\n\t\t\t\t\t\t<div class=\"elementor-element elementor-element-6faec0f title_style_h1 sc_fly_static elementor-widget elementor-widget-trx_sc_title\" data-id=\"6faec0f\" data-element_type=\"widget\" data-widget_type=\"trx_sc_title.default\">\n\t\t\t\t<div class=\"elementor-widget-container\">\n\t\t\t<div\t\tclass=\"sc_title sc_title_shadow\" ><h2 class=\"sc_item_title sc_title_title sc_align_center sc_item_title_style_shadow\"\n\t\t\t><span class=\"sc_item_title_text\">Galeria de fotos<\/span><\/h2><\/div>\t\t<\/div>\n\t\t\t\t<\/div>\n\t\t\t\t<div class=\"elementor-element elementor-element-3c65737 sc_height_medium sc_fly_static elementor-widget elementor-widget-spacer\" data-id=\"3c65737\" data-element_type=\"widget\" data-widget_type=\"spacer.default\">\n\t\t\t\t<div class=\"elementor-widget-container\">\n\t\t\t\t\t<div class=\"elementor-spacer\">\n\t\t\t<div class=\"elementor-spacer-inner\"><\/div>\n\t\t<\/div>\n\t\t\t\t<\/div>\n\t\t\t\t<\/div>\n\t\t\t\t<div class=\"elementor-element elementor-element-356b286 sc_fly_static elementor-widget elementor-widget-trx_widget_slider\" data-id=\"356b286\" data-element_type=\"widget\" data-widget_type=\"trx_widget_slider.default\">\n\t\t\t\t<div class=\"elementor-widget-container\">\n\t\t\t<div class=\"widget_area sc_widget_slider\"><aside class=\"widget widget_slider\">\t\t\t<div class=\"slider_wrap slider_engine_swiper\">\n\t\t\t\t<div class=\"slider_outer slider_swiper_outer slider_style_modern slider_source_custom slider_outer_direction_horizontal slider_outer_one slider_outer_pagination slider_outer_pagination_fraction slider_outer_pagination_pos_bottom_outside slider_outer_controls slider_outer_controls_side slider_outer_nocentered slider_outer_overflow_hidden slider_outer_titles_center slider_outer_height_auto\"><div class=\"slider_container slider_swiper swiper-slider-container slider_direction_horizontal slider_pagination slider_pagination_fraction slider_pagination_pos_bottom_outside slider_one slider_type_bg slider_controls slider_controls_side slider_nocentered slider_overflow_hidden slider_titles_center slider_resize slider_swipe slider_height_auto\" data-ratio=\"16:9\" data-interval=\"7000\" data-speed=\"600\" data-effect=\"slide\" data-pagination=\"fraction\" data-direction=\"horizontal\" data-slides-per-view=\"1\" data-slides-space=\"0\" data-slides-parallax=\"0\" data-slides-centered=\"0\" data-slides-overflow=\"0\" data-mouse-wheel=\"0\" data-autoplay=\"1\" data-loop=\"1\" data-free-mode=\"0\" data-slides-min-width=\"220\"><div class=\"slider-wrapper swiper-wrapper\"><div  class=\"slider-slide swiper-slide\" data-image=\"\/\/www.portosanto-realestate.com\/wp-content\/uploads\/2023\/04\/vila-baleira-porto-santo.jpg\" style=\"background-image:url(\/\/www.portosanto-realestate.com\/wp-content\/uploads\/2023\/04\/vila-baleira-porto-santo.jpg);\"><\/div><div  class=\"slider-slide swiper-slide\" data-image=\"\/\/www.portosanto-realestate.com\/wp-content\/uploads\/2023\/04\/Miradouro-Flores-Fobio-Brito.jpg\" style=\"background-image:url(\/\/www.portosanto-realestate.com\/wp-content\/uploads\/2023\/04\/Miradouro-Flores-Fobio-Brito.jpg);\"><\/div><div  class=\"slider-slide swiper-slide\" data-image=\"\/\/www.portosanto-realestate.com\/wp-content\/uploads\/2023\/04\/porto-santo-11.jpg\" style=\"background-image:url(\/\/www.portosanto-realestate.com\/wp-content\/uploads\/2023\/04\/porto-santo-11.jpg);\"><\/div><div  class=\"slider-slide swiper-slide\" data-image=\"\/\/www.portosanto-realestate.com\/wp-content\/uploads\/2023\/04\/porto-santo-4.jpg\" style=\"background-image:url(\/\/www.portosanto-realestate.com\/wp-content\/uploads\/2023\/04\/porto-santo-4.jpg);\"><\/div><div  class=\"slider-slide swiper-slide\" data-image=\"\/\/www.portosanto-realestate.com\/wp-content\/uploads\/2023\/04\/porto-santo-13.jpg\" style=\"background-image:url(\/\/www.portosanto-realestate.com\/wp-content\/uploads\/2023\/04\/porto-santo-13.jpg);\"><\/div><div  class=\"slider-slide swiper-slide\" data-image=\"\/\/www.portosanto-realestate.com\/wp-content\/uploads\/2023\/04\/porto-santo-7.jpg\" style=\"background-image:url(\/\/www.portosanto-realestate.com\/wp-content\/uploads\/2023\/04\/porto-santo-7.jpg);\"><\/div><\/div><\/div><div class=\"slider_controls_wrap\"><a class=\"slider_prev swiper-button-prev\" href=\"#\"><span class=\"slider_controls_label\"><span>Foto<\/span><span>Anterior<\/span><\/span><\/a><a class=\"slider_next swiper-button-next\" href=\"#\"><span class=\"slider_controls_label\"><span>Foto<\/span><span>Seguinte<\/span><\/span><\/a><\/div><div class=\"slider_pagination_wrap swiper-pagination\"><\/div><\/div>\t\t\t<\/div>\n\t\t\t<\/aside><\/div>\t\t<\/div>\n\t\t\t\t<\/div>\n\t\t\t\t<div class=\"elementor-element elementor-element-6da4d08 sc_height_huge sc_fly_static elementor-widget elementor-widget-spacer\" data-id=\"6da4d08\" data-element_type=\"widget\" data-widget_type=\"spacer.default\">\n\t\t\t\t<div class=\"elementor-widget-container\">\n\t\t\t\t\t<div class=\"elementor-spacer\">\n\t\t\t<div class=\"elementor-spacer-inner\"><\/div>\n\t\t<\/div>\n\t\t\t\t<\/div>\n\t\t\t\t<\/div>\n\t\t\t\t\t\t<\/div>\n\t\t\t\t\t<\/div>\n\t\t<\/div>\n\t\t\t\t\t\t\t\t<\/div>\n\t\t\t\t\t<\/div>\n\t\t<\/section>\n\t\t\t\t<section class=\"elementor-section elementor-top-section elementor-element elementor-element-9ab4c97 elementor-section-stretched elementor-section-boxed elementor-section-height-default elementor-section-height-default sc_fly_static\" data-id=\"9ab4c97\" data-element_type=\"section\" data-settings=\"{&quot;stretch_section&quot;:&quot;section-stretched&quot;,&quot;background_background&quot;:&quot;classic&quot;}\">\n\t\t\t\t\t\t<div class=\"elementor-container elementor-column-gap-extended\">\n\t\t\t\t\t\t\t<div class=\"elementor-row\">\n\t\t\t\t\t<div class=\"elementor-column elementor-col-100 elementor-top-column elementor-element elementor-element-afea1eb sc_inner_width_none sc_content_align_inherit sc_layouts_column_icons_position_left sc_fly_static\" data-id=\"afea1eb\" data-element_type=\"column\">\n\t\t\t<div class=\"elementor-column-wrap elementor-element-populated\">\n\t\t\t\t\t\t\t<div class=\"elementor-widget-wrap\">\n\t\t\t\t\t\t<div class=\"elementor-element elementor-element-4523b2e title_style_h1 sc_fly_static elementor-widget elementor-widget-trx_sc_title\" data-id=\"4523b2e\" data-element_type=\"widget\" data-widget_type=\"trx_sc_title.default\">\n\t\t\t\t<div class=\"elementor-widget-container\">\n\t\t\t<div\t\tclass=\"sc_title sc_title_shadow\" ><h2 class=\"sc_item_title sc_title_title sc_align_center sc_item_title_style_shadow\"\n\t\t\t><span class=\"sc_item_title_text\">V\u00eddeos<\/span><\/h2><\/div>\t\t<\/div>\n\t\t\t\t<\/div>\n\t\t\t\t<div class=\"elementor-element elementor-element-cae3144 sc_height_medium sc_fly_static elementor-widget elementor-widget-spacer\" data-id=\"cae3144\" data-element_type=\"widget\" data-widget_type=\"spacer.default\">\n\t\t\t\t<div class=\"elementor-widget-container\">\n\t\t\t\t\t<div class=\"elementor-spacer\">\n\t\t\t<div class=\"elementor-spacer-inner\"><\/div>\n\t\t<\/div>\n\t\t\t\t<\/div>\n\t\t\t\t<\/div>\n\t\t\t\t<div class=\"elementor-element elementor-element-5b30eda sc_fly_static elementor-widget elementor-widget-trx_widget_slider\" data-id=\"5b30eda\" data-element_type=\"widget\" data-widget_type=\"trx_widget_slider.default\">\n\t\t\t\t<div class=\"elementor-widget-container\">\n\t\t\t<div class=\"widget_area sc_widget_slider\"><aside class=\"widget widget_slider\">\t\t\t<div class=\"slider_wrap slider_engine_swiper\">\n\t\t\t\t<div class=\"slider_outer slider_swiper_outer slider_style_modern slider_source_custom slider_outer_direction_horizontal slider_outer_one slider_outer_pagination slider_outer_pagination_fraction slider_outer_pagination_pos_bottom_outside slider_outer_controls slider_outer_controls_side slider_outer_nocentered slider_outer_overflow_hidden slider_outer_titles_center slider_outer_height_auto\"><div class=\"slider_container slider_swiper swiper-slider-container slider_direction_horizontal slider_pagination slider_pagination_fraction slider_pagination_pos_bottom_outside slider_one slider_type_text slider_controls slider_controls_side slider_nocentered slider_overflow_hidden slider_titles_center slider_noresize slider_swipe slider_height_auto\" data-ratio=\"16:9\" data-interval=\"7000\" data-speed=\"600\" data-effect=\"slide\" data-pagination=\"fraction\" data-direction=\"horizontal\" data-slides-per-view=\"1\" data-slides-space=\"0\" data-slides-parallax=\"0\" data-slides-centered=\"0\" data-slides-overflow=\"0\" data-mouse-wheel=\"0\" data-autoplay=\"1\" data-loop=\"0\" data-free-mode=\"0\" data-slides-min-width=\"220\"><div class=\"slider-wrapper swiper-wrapper\"><div  class=\"slider-slide swiper-slide\" style=\"\"><div id=\"sc_video_356126730\" class=\"trx_addons_video_player without_cover\"><div class=\"video_embed video_frame\"><iframe loading=\"lazy\" src=\"https:\/\/www.youtube.com\/embed\/PWqOyJxSc08?feature=oembed&#038;wmode=transparent&#038;origin=https%3A%2F%2Fwww.portosanto-realestate.com%2Fpt-pt%2F&#038;widgetid=1&#038;enablejsapi=1&#038;disablekb=1&#038;modestbranding=1&#038;iv_load_policy=3&#038;rel=0&#038;showinfo=0&#038;playsinline=1\" width=\"850\" height=\"478\"><\/iframe><\/div><\/div><\/div><div  class=\"slider-slide swiper-slide\" style=\"\"><div id=\"sc_video_1146509001\" class=\"trx_addons_video_player without_cover\"><div class=\"video_embed video_frame\"><iframe loading=\"lazy\" src=\"https:\/\/www.youtube.com\/embed\/-HLm555X46Q?feature=oembed&#038;wmode=transparent&#038;origin=https%3A%2F%2Fwww.portosanto-realestate.com%2Fpt-pt%2F&#038;widgetid=1&#038;enablejsapi=1&#038;disablekb=1&#038;modestbranding=1&#038;iv_load_policy=3&#038;rel=0&#038;showinfo=0&#038;playsinline=1\" width=\"850\" height=\"478\"><\/iframe><\/div><\/div><\/div><div  class=\"slider-slide swiper-slide\" style=\"\"><div id=\"sc_video_1695204165\" class=\"trx_addons_video_player without_cover\"><div class=\"video_embed video_frame\"><iframe loading=\"lazy\" src=\"https:\/\/www.youtube.com\/embed\/2gChEO5BpQk?feature=oembed&#038;wmode=transparent&#038;origin=https%3A%2F%2Fwww.portosanto-realestate.com%2Fpt-pt%2F&#038;widgetid=1&#038;enablejsapi=1&#038;disablekb=1&#038;modestbranding=1&#038;iv_load_policy=3&#038;rel=0&#038;showinfo=0&#038;playsinline=1\" width=\"850\" height=\"478\"><\/iframe><\/div><\/div><\/div><div  class=\"slider-slide swiper-slide\" style=\"\"><div id=\"sc_video_1989163690\" class=\"trx_addons_video_player without_cover\"><div class=\"video_embed video_frame\"><iframe loading=\"lazy\" src=\"https:\/\/www.youtube.com\/embed\/JSk1w0FUVFk?feature=oembed&#038;wmode=transparent&#038;origin=https%3A%2F%2Fwww.portosanto-realestate.com%2Fpt-pt%2F&#038;widgetid=1&#038;enablejsapi=1&#038;disablekb=1&#038;modestbranding=1&#038;iv_load_policy=3&#038;rel=0&#038;showinfo=0&#038;playsinline=1\" width=\"850\" height=\"478\"><\/iframe><\/div><\/div><\/div><div  class=\"slider-slide swiper-slide\" style=\"\"><div id=\"sc_video_273795093\" class=\"trx_addons_video_player without_cover\"><div class=\"video_embed video_frame\"><iframe loading=\"lazy\" src=\"https:\/\/www.youtube.com\/embed\/U_SJfV40GPk?feature=oembed&#038;wmode=transparent&#038;origin=https%3A%2F%2Fwww.portosanto-realestate.com%2Fpt-pt%2F&#038;widgetid=1&#038;enablejsapi=1&#038;disablekb=1&#038;modestbranding=1&#038;iv_load_policy=3&#038;rel=0&#038;showinfo=0&#038;playsinline=1\" width=\"850\" height=\"478\"><\/iframe><\/div><\/div><\/div><\/div><\/div><div class=\"slider_controls_wrap\"><a class=\"slider_prev swiper-button-prev\" href=\"#\"><span class=\"slider_controls_label\"><span>V\u00eddeo<\/span><span>Anterior<\/span><\/span><\/a><a class=\"slider_next swiper-button-next\" href=\"#\"><span class=\"slider_controls_label\"><span>V\u00eddeo<\/span><span>Seguinte<\/span><\/span><\/a><\/div><div class=\"slider_pagination_wrap swiper-pagination\"><\/div><\/div>\t\t\t<\/div>\n\t\t\t<\/aside><\/div>\t\t<\/div>\n\t\t\t\t<\/div>\n\t\t\t\t<div class=\"elementor-element elementor-element-c874a8b sc_height_huge sc_fly_static elementor-widget elementor-widget-spacer\" data-id=\"c874a8b\" data-element_type=\"widget\" data-widget_type=\"spacer.default\">\n\t\t\t\t<div class=\"elementor-widget-container\">\n\t\t\t\t\t<div class=\"elementor-spacer\">\n\t\t\t<div class=\"elementor-spacer-inner\"><\/div>\n\t\t<\/div>\n\t\t\t\t<\/div>\n\t\t\t\t<\/div>\n\t\t\t\t\t\t<\/div>\n\t\t\t\t\t<\/div>\n\t\t<\/div>\n\t\t\t\t\t\t\t\t<\/div>\n\t\t\t\t\t<\/div>\n\t\t<\/section>\n\t\t\t\t\t\t\t\t\t<\/div>\n\t\t\t<\/div>\n\t\t\t\t\t<\/div>\n\t\t","protected":false},"excerpt":{"rendered":"<p>Localiza\u00e7\u00e3o A Ilha da Madeira e Porto Santo s\u00e3o dois belos destinos localizados no Oceano Atl\u00e2ntico, pertencentes ao arquip\u00e9lago da Madeira, uma regi\u00e3o aut\u00f3noma de Portugal. Estas ilhas s\u00e3o conhecidas&hellip;<\/p>\n","protected":false},"author":1,"featured_media":0,"parent":0,"menu_order":0,"comment_status":"closed","ping_status":"closed","template":"","meta":{"footnotes":""},"jetpack_sharing_enabled":true,"_links":{"self":[{"href":"https:\/\/www.portosanto-realestate.com\/pt-pt\/wp-json\/wp\/v2\/pages\/25336"}],"collection":[{"href":"https:\/\/www.portosanto-realestate.com\/pt-pt\/wp-json\/wp\/v2\/pages"}],"about":[{"href":"https:\/\/www.portosanto-realestate.com\/pt-pt\/wp-json\/wp\/v2\/types\/page"}],"author":[{"embeddable":true,"href":"https:\/\/www.portosanto-realestate.com\/pt-pt\/wp-json\/wp\/v2\/users\/1"}],"replies":[{"embeddable":true,"href":"https:\/\/www.portosanto-realestate.com\/pt-pt\/wp-json\/wp\/v2\/comments?post=25336"}],"version-history":[{"count":0,"href":"https:\/\/www.portosanto-realestate.com\/pt-pt\/wp-json\/wp\/v2\/pages\/25336\/revisions"}],"wp:attachment":[{"href":"https:\/\/www.portosanto-realestate.com\/pt-pt\/wp-json\/wp\/v2\/media?parent=25336"}],"curies":[{"name":"wp","href":"https:\/\/api.w.org\/{rel}","templated":true}]}}